{"id":349,"date":"2023-07-19T23:27:45","date_gmt":"2023-07-19T21:27:45","guid":{"rendered":"http:\/\/tailhadesp.fr\/?page_id=349"},"modified":"2023-07-28T19:13:52","modified_gmt":"2023-07-28T17:13:52","slug":"bienvenue-sur-blogapaulo","status":"publish","type":"page","link":"https:\/\/tailhadesp.fr\/","title":{"rendered":"Bienvenue sur BlogaPaulo"},"content":{"rendered":"\n<figure class=\"wp-block-image alignwide\"><img loading=\"lazy\" decoding=\"async\" width=\"2560\" height=\"714\" src=\"https:\/\/tailhadesp.fr\/wp-content\/uploads\/2023\/07\/IMG_20230628_164619-scaled.jpg\" alt=\"\" class=\"wp-image-455\" srcset=\"https:\/\/tailhadesp.fr\/wp-content\/uploads\/2023\/07\/IMG_20230628_164619-scaled.jpg 2560w, https:\/\/tailhadesp.fr\/wp-content\/uploads\/2023\/07\/IMG_20230628_164619-300x84.jpg 300w, https:\/\/tailhadesp.fr\/wp-content\/uploads\/2023\/07\/IMG_20230628_164619-1024x286.jpg 1024w, https:\/\/tailhadesp.fr\/wp-content\/uploads\/2023\/07\/IMG_20230628_164619-768x214.jpg 768w, https:\/\/tailhadesp.fr\/wp-content\/uploads\/2023\/07\/IMG_20230628_164619-1536x428.jpg 1536w, https:\/\/tailhadesp.fr\/wp-content\/uploads\/2023\/07\/IMG_20230628_164619-2048x571.jpg 2048w, https:\/\/tailhadesp.fr\/wp-content\/uploads\/2023\/07\/IMG_20230628_164619-1200x335.jpg 1200w, https:\/\/tailhadesp.fr\/wp-content\/uploads\/2023\/07\/IMG_20230628_164619-1980x552.jpg 1980w\" sizes=\"auto, (max-width: 2560px) 100vw, 2560px\" \/><\/figure>\n\n\n\n<div class=\"wp-block-group\"><div class=\"wp-block-group__inner-container is-layout-constrained wp-block-group-is-layout-constrained\">\n<p>Je d\u00e9marre ce blog en juillet 2023 :<\/p>\n\n\n\n<ul class=\"wp-block-list\">\n<li class=\"has-normal-font-size\">pour vous donner et partager facilement des nouvelles ;<\/li>\n\n\n\n<li class=\"has-normal-font-size\">afin de noter et garder trace &#8211; n\u00e9cessit\u00e9 croissante avec l&rsquo;age &#8211; de ce qui me tient \u00e0 c\u0153ur ;<\/li>\n\n\n\n<li class=\"has-normal-font-size\">pour \u00e9chapper autant que possible aux r\u00e9seaux dits sociaux qui envahissent et s&rsquo;approprient notre univers ;<\/li>\n\n\n\n<li class=\"has-normal-font-size\">et aussi par  curiosit\u00e9 pour faire l&rsquo;apprentissage d&rsquo;un outil de confection de site, WordPress en l\u2019occurrence.<\/li>\n<\/ul>\n\n\n\n<hr class=\"wp-block-separator has-alpha-channel-opacity\"\/>\n<\/div><\/div>\n\n\n<h4 class=\"wp-block-heading\" id=\"dernieres-publications\">Derni\u00e8res publications :<\/h4>\n\n<ul class=\"wp-block-latest-posts__list has-dates aligncenter wp-block-latest-posts\"><li><a class=\"wp-block-latest-posts__post-title\" href=\"https:\/\/tailhadesp.fr\/index.php\/2026\/04\/23\/22-04-2026-hatched-ensemble\/\">22\/04\/2026  Hatched Ensemble<\/a><time datetime=\"2026-04-23T18:10:07+02:00\" class=\"wp-block-latest-posts__post-date\">23 avril 2026<\/time><\/li>\n<li><a class=\"wp-block-latest-posts__post-title\" href=\"https:\/\/tailhadesp.fr\/index.php\/2026\/04\/09\/09-avril-2026-la-relativite\/\">09 avril 2026 La relativit\u00e9<\/a><time datetime=\"2026-04-09T12:08:44+02:00\" class=\"wp-block-latest-posts__post-date\">9 avril 2026<\/time><\/li>\n<li><a class=\"wp-block-latest-posts__post-title\" href=\"https:\/\/tailhadesp.fr\/index.php\/2026\/04\/04\/04-avril-2026-la-quantique-autrement\/\">04 avril 2026 La Quantique autrement<\/a><time datetime=\"2026-04-04T14:14:06+02:00\" class=\"wp-block-latest-posts__post-date\">4 avril 2026<\/time><\/li>\n<li><a class=\"wp-block-latest-posts__post-title\" href=\"https:\/\/tailhadesp.fr\/index.php\/2026\/03\/29\/24-mars-2026-musee-des-moulages-lyon\/\">24 mars 2026 Mus\u00e9e des Moulages Lyon<\/a><time datetime=\"2026-03-29T22:05:31+02:00\" class=\"wp-block-latest-posts__post-date\">29 mars 2026<\/time><\/li>\n<li><a class=\"wp-block-latest-posts__post-title\" href=\"https:\/\/tailhadesp.fr\/index.php\/2026\/03\/29\/26-mars-2026-le-trefle-restaurant\/\">26 mars 2026 Le Tr\u00e8fle &#8211; Restaurant<\/a><time datetime=\"2026-03-29T17:33:52+02:00\" class=\"wp-block-latest-posts__post-date\">29 mars 2026<\/time><\/li>\n<li><a class=\"wp-block-latest-posts__post-title\" href=\"https:\/\/tailhadesp.fr\/index.php\/2026\/02\/05\/04-02-26-midi-minuit\/\">04\/02\/26 Midi-Minuit<\/a><time datetime=\"2026-02-05T20:48:50+01:00\" class=\"wp-block-latest-posts__post-date\">5 f\u00e9vrier 2026<\/time><\/li>\n<li><a class=\"wp-block-latest-posts__post-title\" href=\"https:\/\/tailhadesp.fr\/index.php\/2026\/01\/15\/15-01-2026-romain-gary-1914-1980\/\">15\/01\/2026 Romain Gary (1914-1980)<\/a><time datetime=\"2026-01-15T21:53:25+01:00\" class=\"wp-block-latest-posts__post-date\">15 janvier 2026<\/time><\/li>\n<li><a class=\"wp-block-latest-posts__post-title\" href=\"https:\/\/tailhadesp.fr\/index.php\/2026\/01\/15\/14-01-2026-gerhard-richter\/\">14\/01\/2026 Gerhard Richter<\/a><time datetime=\"2026-01-15T18:22:46+01:00\" class=\"wp-block-latest-posts__post-date\">15 janvier 2026<\/time><\/li>\n<li><a class=\"wp-block-latest-posts__post-title\" href=\"https:\/\/tailhadesp.fr\/index.php\/2026\/01\/15\/14-01-2026-kandinsky-la-musique-des-couleurs\/\">14\/01\/2026 Kandinsky la musique des couleurs<\/a><time datetime=\"2026-01-15T18:22:23+01:00\" class=\"wp-block-latest-posts__post-date\">15 janvier 2026<\/time><\/li>\n<li><a class=\"wp-block-latest-posts__post-title\" href=\"https:\/\/tailhadesp.fr\/index.php\/2026\/01\/06\/05-01-2026-etretat-par-dela-les-falaises\/\">05\/01\/2026 \u00c9tretat, par-del\u00e0 les falaises<\/a><time datetime=\"2026-01-06T22:52:57+01:00\" class=\"wp-block-latest-posts__post-date\">6 janvier 2026<\/time><\/li>\n<\/ul>\n\n\n<p><\/p>\n\n\n\n<p><\/p>\n\n\n\n<p><\/p>\n\n\n\n<p><\/p>\n","protected":false},"excerpt":{"rendered":"<p>Je d\u00e9marre ce blog en juillet 2023 : Derni\u00e8res publications :<\/p>\n","protected":false},"author":1,"featured_media":0,"parent":0,"menu_order":0,"comment_status":"open","ping_status":"closed","template":"","meta":{"footnotes":""},"class_list":["post-349","page","type-page","status-publish","hentry"],"_links":{"self":[{"href":"https:\/\/tailhadesp.fr\/index.php\/wp-json\/wp\/v2\/pages\/349","targetHints":{"allow":["GET"]}}],"collection":[{"href":"https:\/\/tailhadesp.fr\/index.php\/wp-json\/wp\/v2\/pages"}],"about":[{"href":"https:\/\/tailhadesp.fr\/index.php\/wp-json\/wp\/v2\/types\/page"}],"author":[{"embeddable":true,"href":"https:\/\/tailhadesp.fr\/index.php\/wp-json\/wp\/v2\/users\/1"}],"replies":[{"embeddable":true,"href":"https:\/\/tailhadesp.fr\/index.php\/wp-json\/wp\/v2\/comments?post=349"}],"version-history":[{"count":12,"href":"https:\/\/tailhadesp.fr\/index.php\/wp-json\/wp\/v2\/pages\/349\/revisions"}],"predecessor-version":[{"id":577,"href":"https:\/\/tailhadesp.fr\/index.php\/wp-json\/wp\/v2\/pages\/349\/revisions\/577"}],"wp:attachment":[{"href":"https:\/\/tailhadesp.fr\/index.php\/wp-json\/wp\/v2\/media?parent=349"}],"curies":[{"name":"wp","href":"https:\/\/api.w.org\/{rel}","templated":true}]}}