{"id":811,"date":"2023-10-01T19:09:20","date_gmt":"2023-10-01T17:09:20","guid":{"rendered":"http:\/\/tailhadesp.fr\/?page_id=811"},"modified":"2023-10-01T19:09:20","modified_gmt":"2023-10-01T17:09:20","slug":"famille","status":"publish","type":"page","link":"https:\/\/tailhadesp.fr\/index.php\/famille\/","title":{"rendered":"Famille"},"content":{"rendered":"\n<ul class=\"lcp_catlist\" id=\"lcp_instance_0\"><li><a href=\"https:\/\/tailhadesp.fr\/index.php\/2023\/12\/12\/9-decembre-2023-de-retour-de-larbre-de-noel\/\">9 d\u00e9cembre 2023 de retour de l&rsquo;arbre de No\u00ebl<\/a><\/li><li><a href=\"https:\/\/tailhadesp.fr\/index.php\/2023\/10\/01\/30-09-2023-gidong\/\">30\/09 et 09\/10 2023 Gidong<\/a><\/li><li><a href=\"https:\/\/tailhadesp.fr\/index.php\/2023\/09\/18\/17-09-2023-noces-demeraude-de-monique-et-laurent\/\">17\/09\/2023 Noces d&rsquo;\u00e9meraude de Monique et Laurent<\/a><\/li><li><a href=\"https:\/\/tailhadesp.fr\/index.php\/2023\/08\/01\/31-07-et-01-08-2023-a-sonnaz-et-chambery\/\">31\/07 et 01\/08\/2023 \u00e0 Sonnaz et Chamb\u00e9ry<\/a><\/li><li><a href=\"https:\/\/tailhadesp.fr\/index.php\/2023\/07\/23\/23-07-2023-le-demenagement-de-leo\/\">23\/07\/2023 Le d\u00e9m\u00e9nagement de L\u00e9o<\/a><\/li><li><a href=\"https:\/\/tailhadesp.fr\/index.php\/2023\/07\/19\/journal-et-news\/\">16 et 17 juillet 2023 \u00e0 Saint-Germain-Lespinasse<\/a><\/li><\/ul>\n\n\n\n<p><\/p>\n","protected":false},"excerpt":{"rendered":"","protected":false},"author":1,"featured_media":0,"parent":0,"menu_order":0,"comment_status":"closed","ping_status":"closed","template":"","meta":{"footnotes":""},"class_list":["post-811","page","type-page","status-publish","hentry"],"_links":{"self":[{"href":"https:\/\/tailhadesp.fr\/index.php\/wp-json\/wp\/v2\/pages\/811","targetHints":{"allow":["GET"]}}],"collection":[{"href":"https:\/\/tailhadesp.fr\/index.php\/wp-json\/wp\/v2\/pages"}],"about":[{"href":"https:\/\/tailhadesp.fr\/index.php\/wp-json\/wp\/v2\/types\/page"}],"author":[{"embeddable":true,"href":"https:\/\/tailhadesp.fr\/index.php\/wp-json\/wp\/v2\/users\/1"}],"replies":[{"embeddable":true,"href":"https:\/\/tailhadesp.fr\/index.php\/wp-json\/wp\/v2\/comments?post=811"}],"version-history":[{"count":10,"href":"https:\/\/tailhadesp.fr\/index.php\/wp-json\/wp\/v2\/pages\/811\/revisions"}],"predecessor-version":[{"id":2519,"href":"https:\/\/tailhadesp.fr\/index.php\/wp-json\/wp\/v2\/pages\/811\/revisions\/2519"}],"wp:attachment":[{"href":"https:\/\/tailhadesp.fr\/index.php\/wp-json\/wp\/v2\/media?parent=811"}],"curies":[{"name":"wp","href":"https:\/\/api.w.org\/{rel}","templated":true}]}}