{"id":825,"date":"2023-10-01T19:22:57","date_gmt":"2023-10-01T17:22:57","guid":{"rendered":"http:\/\/tailhadesp.fr\/?page_id=825"},"modified":"2023-10-01T19:22:57","modified_gmt":"2023-10-01T17:22:57","slug":"notes-de-lecture","status":"publish","type":"page","link":"https:\/\/tailhadesp.fr\/index.php\/notes-de-lecture\/","title":{"rendered":"Notes de lecture"},"content":{"rendered":"\n<ul class=\"lcp_catlist\" id=\"lcp_instance_0\"><li><a href=\"https:\/\/tailhadesp.fr\/index.php\/2026\/04\/09\/09-avril-2026-la-relativite\/\">09 avril 2026 La relativit\u00e9<\/a><\/li><li><a href=\"https:\/\/tailhadesp.fr\/index.php\/2026\/04\/04\/04-avril-2026-la-quantique-autrement\/\">04 avril 2026 La Quantique autrement<\/a><\/li><li><a href=\"https:\/\/tailhadesp.fr\/index.php\/2026\/01\/15\/15-01-2026-romain-gary-1914-1980\/\">15\/01\/2026 Romain Gary (1914-1980)<\/a><\/li><li><a href=\"https:\/\/tailhadesp.fr\/index.php\/2025\/11\/04\/01-11-25-le-grand-feu\/\">01\/11\/25 Le grand feu<\/a><\/li><li><a href=\"https:\/\/tailhadesp.fr\/index.php\/2025\/05\/19\/16-05-25-vraiment-peindre\/\">16\/05\/25 Vraiment peindre<\/a><\/li><li><a href=\"https:\/\/tailhadesp.fr\/index.php\/2025\/01\/28\/27-01-2025-la-riviere-et-son-secret\/\">27\/01\/2025 La rivi\u00e8re et son secret<\/a><\/li><li><a href=\"https:\/\/tailhadesp.fr\/index.php\/2024\/12\/20\/16-12-2024-sarah-susanne-et-lecrivain\/\">16\/12\/2024 Sarah, Susanne et l\u2019\u00e9crivain<\/a><\/li><li><a href=\"https:\/\/tailhadesp.fr\/index.php\/2024\/11\/05\/02-11-24-vilnius-poker\/\">02\/11\/24 Vilnius Poker<\/a><\/li><li><a href=\"https:\/\/tailhadesp.fr\/index.php\/2024\/10\/09\/08-10-2024-le-fou-du-tzar\/\">08\/10\/2024 Le fou du tzar<\/a><\/li><li><a href=\"https:\/\/tailhadesp.fr\/index.php\/2024\/03\/30\/le-christ-sest-arrete-a-eboli\/\">Le Christ s&rsquo;est arr\u00eat\u00e9 \u00e0 \u00c9boli<\/a><\/li><\/ul>\n","protected":false},"excerpt":{"rendered":"","protected":false},"author":1,"featured_media":0,"parent":0,"menu_order":0,"comment_status":"closed","ping_status":"closed","template":"","meta":{"footnotes":""},"class_list":["post-825","page","type-page","status-publish","hentry"],"_links":{"self":[{"href":"https:\/\/tailhadesp.fr\/index.php\/wp-json\/wp\/v2\/pages\/825","targetHints":{"allow":["GET"]}}],"collection":[{"href":"https:\/\/tailhadesp.fr\/index.php\/wp-json\/wp\/v2\/pages"}],"about":[{"href":"https:\/\/tailhadesp.fr\/index.php\/wp-json\/wp\/v2\/types\/page"}],"author":[{"embeddable":true,"href":"https:\/\/tailhadesp.fr\/index.php\/wp-json\/wp\/v2\/users\/1"}],"replies":[{"embeddable":true,"href":"https:\/\/tailhadesp.fr\/index.php\/wp-json\/wp\/v2\/comments?post=825"}],"version-history":[{"count":1,"href":"https:\/\/tailhadesp.fr\/index.php\/wp-json\/wp\/v2\/pages\/825\/revisions"}],"predecessor-version":[{"id":826,"href":"https:\/\/tailhadesp.fr\/index.php\/wp-json\/wp\/v2\/pages\/825\/revisions\/826"}],"wp:attachment":[{"href":"https:\/\/tailhadesp.fr\/index.php\/wp-json\/wp\/v2\/media?parent=825"}],"curies":[{"name":"wp","href":"https:\/\/api.w.org\/{rel}","templated":true}]}}